{"id":50,"date":"2024-04-11T19:43:35","date_gmt":"2024-04-11T19:43:35","guid":{"rendered":"https:\/\/www.freshdent.sk\/?page_id=50"},"modified":"2024-04-19T06:57:09","modified_gmt":"2024-04-19T06:57:09","slug":"o-nas","status":"publish","type":"page","link":"https:\/\/www.freshdent.sk\/?page_id=50","title":{"rendered":"O n\u00e1s"},"content":{"rendered":"<div id=\"pl-50\"  class=\"panel-layout\" ><div id=\"pg-50-0\"  class=\"panel-grid panel-no-style\" ><div id=\"pgc-50-0-0\"  class=\"panel-grid-cell\" ><div id=\"panel-50-0-0-0\" class=\"so-panel widget widget_media_image panel-first-child panel-last-child\" data-index=\"0\" ><img loading=\"lazy\" decoding=\"async\" width=\"120\" height=\"180\" src=\"https:\/\/www.freshdent.sk\/wp-content\/uploads\/2024\/04\/MUDr_Galova.jpg\" class=\"image wp-image-53  attachment-full size-full\" alt=\"\" style=\"max-width: 100%; height: auto;\" \/><\/div><\/div><div id=\"pgc-50-0-1\"  class=\"panel-grid-cell\" ><div id=\"panel-50-0-1-0\" class=\"so-panel widget widget_text panel-first-child panel-last-child\" data-index=\"1\" >\t\t\t<div class=\"textwidget\"><p>MUDr. Na\u010fa Galov\u00e1 \u00faspe\u0161ne ukon\u010dila \u0161t\u00fadium stomatol\u00f3gie na lek\u00e1rskej fakulte UK v Bratislave v roku 2008.\u00a0 M\u00e1 za sebou odborn\u00fa prax v\u00a0 s\u00fakromnej zubnej ambulancii v Bratislave. Venuje sa hlavne estetickej stomatol\u00f3gii, endodoncii a protetike. Na\u010falej sa akt\u00edvne vzdel\u00e1va na stomatologick\u00fdch \u0161koleniach doma i v zahrani\u010d\u00ed. Je \u010dlenkou Slovenskej komory zubn\u00fdch lek\u00e1rov.<\/p>\n<p>Od roku 2014 buduje\u00a0 \u00faplne nov\u00fa stomatologick\u00fa ambulanciu freshDENT, ktor\u00e1 sp\u013e\u0148a najvy\u0161\u0161ie \u0161tandardy hygieny a bezpe\u010dnosti\u00a0 svoj\u00edm \u0161pi\u010dkov\u00fdm pr\u00edstrojov\u00fdm vybaven\u00edm od firmy Planmeca.\u00a0 Samozrejmos\u0165ou je digit\u00e1lny intraor\u00e1lny RTG pr\u00edstroj priamo na stomatogickej s\u00faprave ako aj digit\u00e1lny\u00a0 OPG pr\u00edstroj na zobrazenie cel\u00e9ho doln\u00e9ho aj horn\u00e9ho zuboradia.<\/p>\n<p><br style=\"font-weight: 400;\" \/><br style=\"font-weight: 400;\" \/><\/p>\n<\/div>\n\t\t<\/div><\/div><\/div><\/div>","protected":false},"excerpt":{"rendered":"<p>MUDr. Na\u010fa Galov\u00e1 \u00faspe\u0161ne ukon\u010dila \u0161t\u00fadium stomatol\u00f3gie na lek\u00e1rskej fakulte UK v Bratislave v roku 2008.\u00a0 M\u00e1 za sebou odborn\u00fa prax v\u00a0 s\u00fakromnej zubnej ambulancii v Bratislave. Venuje sa hlavne estetickej stomatol\u00f3gii, endodoncii a protetike. Na\u010falej sa akt\u00edvne vzdel\u00e1va na stomatologick\u00fdch \u0161koleniach doma i v zahrani\u010d\u00ed. Je \u010dlenkou Slovenskej komory zubn\u00fdch lek\u00e1rov. Od roku 2014 [&hellip;]<\/p>\n","protected":false},"author":1,"featured_media":0,"parent":0,"menu_order":0,"comment_status":"closed","ping_status":"closed","template":"templates\/template-full.php","meta":{"footnotes":""},"class_list":["post-50","page","type-page","status-publish","hentry","post"],"_links":{"self":[{"href":"https:\/\/www.freshdent.sk\/index.php?rest_route=\/wp\/v2\/pages\/50","targetHints":{"allow":["GET"]}}],"collection":[{"href":"https:\/\/www.freshdent.sk\/index.php?rest_route=\/wp\/v2\/pages"}],"about":[{"href":"https:\/\/www.freshdent.sk\/index.php?rest_route=\/wp\/v2\/types\/page"}],"author":[{"embeddable":true,"href":"https:\/\/www.freshdent.sk\/index.php?rest_route=\/wp\/v2\/users\/1"}],"replies":[{"embeddable":true,"href":"https:\/\/www.freshdent.sk\/index.php?rest_route=%2Fwp%2Fv2%2Fcomments&post=50"}],"version-history":[{"count":4,"href":"https:\/\/www.freshdent.sk\/index.php?rest_route=\/wp\/v2\/pages\/50\/revisions"}],"predecessor-version":[{"id":100,"href":"https:\/\/www.freshdent.sk\/index.php?rest_route=\/wp\/v2\/pages\/50\/revisions\/100"}],"wp:attachment":[{"href":"https:\/\/www.freshdent.sk\/index.php?rest_route=%2Fwp%2Fv2%2Fmedia&parent=50"}],"curies":[{"name":"wp","href":"https:\/\/api.w.org\/{rel}","templated":true}]}}