{"id":13,"date":"2024-04-11T19:19:16","date_gmt":"2024-04-11T19:19:16","guid":{"rendered":"https:\/\/www.freshdent.sk\/?page_id=13"},"modified":"2024-04-11T21:26:37","modified_gmt":"2024-04-11T21:26:37","slug":"home-page","status":"publish","type":"page","link":"https:\/\/www.freshdent.sk\/","title":{"rendered":"Domov"},"content":{"rendered":"<div id=\"pl-13\"  class=\"panel-layout\" ><div id=\"pg-13-0\"  class=\"panel-grid panel-no-style\" ><div id=\"pgc-13-0-0\"  class=\"panel-grid-cell\" ><div id=\"panel-13-0-0-0\" class=\"so-panel widget widget_text panel-first-child panel-last-child\" data-index=\"0\" ><h3 class=\"widget-title\">freshDENT<\/h3>\t\t\t<div class=\"textwidget\"><p>Sme modern\u00e1 stomatologick\u00e1 ambulancia otvoren\u00e1 pre v\u0161etk\u00fdch, ktor\u00ed od svojho zubn\u00e9ho lek\u00e1ra o\u010dak\u00e1vaj\u00fa bezbolestn\u00e9 a maxim\u00e1lne \u0161etrn\u00e9 o\u0161etrenie, vysok\u00fa kvalitu vykon\u00e1van\u00fdch z\u00e1krokov, profesion\u00e1lny pr\u00edstup a dokonal\u00fa informovanos\u0165. Poskytujeme kompletn\u00e9 stomatologick\u00e9 slu\u017eby pre deti a dospel\u00fdch.<\/p>\n<\/div>\n\t\t<\/div><\/div><\/div><div id=\"pg-13-1\"  class=\"panel-grid panel-no-style\" ><div id=\"pgc-13-1-0\"  class=\"panel-grid-cell\" ><div id=\"panel-13-1-0-0\" class=\"so-panel widget widget_circleicon-widget panel-first-child panel-last-child\" data-index=\"1\" >\t\t<div class=\"circle-icon-box circle-icon-position-top circle-icon-hide-box circle-icon-size-small \">\n\t\t\t\t\t\t\t<div class=\"circle-icon-wrapper\">\n\t\t\t\t\t\t\t\t\t\t<div class=\"circle-icon\" >\n\t\t\t\t\t\t\t\t\t\t\t\t\t<div\n\t\t\t\t\t\t\t\tclass=\"fa fa-map-o\"\n\t\t\t\t\t\t\t\t\t\t\t\t\t\t\t><\/div>\n\t\t\t\t\t\t\t\t\t\t\t<\/div>\n\t\t\t\t\t\t\t\t\t<\/div>\n\t\t\t\n\t\t\t\t\t\t\t\t\t\t<h4 >\n\t\t\t\t\tKde n\u00e1s n\u00e1jdete\t\t\t\t<\/h4>\n\t\t\t\t\t\t\n\t\t\t\t\t\t\t<p class=\"text\" >\n\t\t\t\tNa\u0161a modern\u00e1 ambulancia sa nach\u00e1dza v Ru\u017einove na Teslovej 15. \t\t\t<\/p>\n\t\t\t\t\t\t\t\t\t\t<a\n\t\t\t\t\thref=\"https:\/\/www.freshdent.sk\/?page_id=60\"\n\t\t\t\t\tclass=\"more-button\"\n\t\t\t\t\t\t\t\t\t>\n\t\t\t\t\t\u010eal\u0161ie kontaktn\u00e9 \u00fadaje tu \t\t\t\t\t<i><\/i>\n\t\t\t\t<\/a>\n\t\t\t\t\t<\/div>\n\t\t<\/div><\/div><div id=\"pgc-13-1-1\"  class=\"panel-grid-cell\" ><div id=\"panel-13-1-1-0\" class=\"so-panel widget widget_circleicon-widget panel-first-child panel-last-child\" data-index=\"2\" >\t\t<div class=\"circle-icon-box circle-icon-position-top circle-icon-hide-box circle-icon-size-small \">\n\t\t\t\t\t\t\t<div class=\"circle-icon-wrapper\">\n\t\t\t\t\t\t\t\t\t\t<div class=\"circle-icon icon-style-set\" style=\"background-image: url(http:\/\/Objednajte%20sa%20online%20alebo%20telefonicky)\">\n\t\t\t\t\t\t\t\t\t\t\t\t\t<div\n\t\t\t\t\t\t\t\tclass=\"fa fa-calendar-plus-o  icon-style-set\"\n\t\t\t\t\t\t\t\t\t\t\t\t\t\t\t><\/div>\n\t\t\t\t\t\t\t\t\t\t\t<\/div>\n\t\t\t\t\t\t\t\t\t<\/div>\n\t\t\t\n\t\t\t\t\t\t\t\t\t\t<h4 >\n\t\t\t\t\tObjednanie term\u00ednu\t\t\t\t<\/h4>\n\t\t\t\t\t\t\n\t\t\t\t\t\t\t<p class=\"text\" >\n\t\t\t\tObjednajte sa online alebo telefonicky\t\t\t<\/p>\n\t\t\t\t\t\t\t\t\t\t<a\n\t\t\t\t\thref=\"https:\/\/www.freshdent.sk\/?page_id=60\"\n\t\t\t\t\tclass=\"more-button\"\n\t\t\t\t\t\t\t\t\t>\n\t\t\t\t\tObjednanie online\t\t\t\t\t<i><\/i>\n\t\t\t\t<\/a>\n\t\t\t\t\t<\/div>\n\t\t<\/div><\/div><div id=\"pgc-13-1-2\"  class=\"panel-grid-cell\" ><div id=\"panel-13-1-2-0\" class=\"so-panel widget widget_circleicon-widget panel-first-child panel-last-child\" data-index=\"3\" >\t\t<div class=\"circle-icon-box circle-icon-position-top circle-icon-hide-box circle-icon-size-small \">\n\t\t\t\t\t\t\t<div class=\"circle-icon-wrapper\">\n\t\t\t\t\t\t\t\t\t\t<div class=\"circle-icon\" >\n\t\t\t\t\t\t\t\t\t\t\t\t\t<div\n\t\t\t\t\t\t\t\tclass=\"fa fa-clock-o\"\n\t\t\t\t\t\t\t\t\t\t\t\t\t\t\t><\/div>\n\t\t\t\t\t\t\t\t\t\t\t<\/div>\n\t\t\t\t\t\t\t\t\t<\/div>\n\t\t\t\n\t\t\t\t\t\t\t\t\t\t<h4 >\n\t\t\t\t\tOrdina\u010dn\u00e9 hodiny\t\t\t\t<\/h4>\n\t\t\t\t\t\t\n\t\t\t\t\t\t\t<p class=\"text\" >\n\t\t\t\tPre na\u0161ich pacientov m\u00e1me na v\u00fdber aj skor\u00e9 rann\u00e9 aj podve\u010dern\u00e9 term\u00edny.\t\t\t<\/p>\n\t\t\t\t\t\t\t\t\t\t<a\n\t\t\t\t\thref=\"https:\/\/www.freshdent.sk\/?page_id=60\"\n\t\t\t\t\tclass=\"more-button\"\n\t\t\t\t\t\t\t\t\t>\n\t\t\t\t\tBli\u017e\u0161ie inform\u00e1cie\t\t\t\t\t<i><\/i>\n\t\t\t\t<\/a>\n\t\t\t\t\t<\/div>\n\t\t<\/div><\/div><\/div><\/div>","protected":false},"excerpt":{"rendered":"<p>Sme modern\u00e1 stomatologick\u00e1 ambulancia otvoren\u00e1 pre v\u0161etk\u00fdch, ktor\u00ed od svojho zubn\u00e9ho lek\u00e1ra o\u010dak\u00e1vaj\u00fa bezbolestn\u00e9 a maxim\u00e1lne \u0161etrn\u00e9 o\u0161etrenie, vysok\u00fa kvalitu vykon\u00e1van\u00fdch z\u00e1krokov, profesion\u00e1lny pr\u00edstup a dokonal\u00fa informovanos\u0165. Poskytujeme kompletn\u00e9 stomatologick\u00e9 slu\u017eby pre deti a dospel\u00fdch.<\/p>\n","protected":false},"author":1,"featured_media":0,"parent":0,"menu_order":0,"comment_status":"closed","ping_status":"closed","template":"home-panels.php","meta":{"footnotes":""},"class_list":["post-13","page","type-page","status-publish","hentry","post"],"_links":{"self":[{"href":"https:\/\/www.freshdent.sk\/index.php?rest_route=\/wp\/v2\/pages\/13","targetHints":{"allow":["GET"]}}],"collection":[{"href":"https:\/\/www.freshdent.sk\/index.php?rest_route=\/wp\/v2\/pages"}],"about":[{"href":"https:\/\/www.freshdent.sk\/index.php?rest_route=\/wp\/v2\/types\/page"}],"author":[{"embeddable":true,"href":"https:\/\/www.freshdent.sk\/index.php?rest_route=\/wp\/v2\/users\/1"}],"replies":[{"embeddable":true,"href":"https:\/\/www.freshdent.sk\/index.php?rest_route=%2Fwp%2Fv2%2Fcomments&post=13"}],"version-history":[{"count":16,"href":"https:\/\/www.freshdent.sk\/index.php?rest_route=\/wp\/v2\/pages\/13\/revisions"}],"predecessor-version":[{"id":95,"href":"https:\/\/www.freshdent.sk\/index.php?rest_route=\/wp\/v2\/pages\/13\/revisions\/95"}],"wp:attachment":[{"href":"https:\/\/www.freshdent.sk\/index.php?rest_route=%2Fwp%2Fv2%2Fmedia&parent=13"}],"curies":[{"name":"wp","href":"https:\/\/api.w.org\/{rel}","templated":true}]}}